{"id":102,"date":"2021-12-27T15:04:59","date_gmt":"2021-12-27T15:04:59","guid":{"rendered":"https:\/\/gml.si\/slovenija30\/?page_id=102"},"modified":"2021-12-30T22:21:56","modified_gmt":"2021-12-30T22:21:56","slug":"naslovna-kezdolap","status":"publish","type":"page","link":"https:\/\/gml.si\/slovenija30\/","title":{"rendered":"Spomini na osamosvojitev <br\/>\u00d6n\u00e1ll\u00f3sul\u00e1sra eml\u00e9kezve"},"content":{"rendered":"\n<p class=\"has-text-align-center has-larger-font-size\">Dobrodo\u0161li \u2022 \u00dcdv\u00f6z\u00f6lj\u00fck!<\/p>\n\n\n\n<div class=\"wp-block-columns alignfull is-layout-flex wp-container-core-columns-is-layout-1 wp-block-columns-is-layout-flex\">\n<div class=\"wp-block-column is-vertically-aligned-top is-layout-flow wp-block-column-is-layout-flow\">\n<div style=\"display: none;\" class=\"crellyslider-slider crellyslider-slider-full-width crellyslider-slider-slider_naslovna crellyslider-1\" id=\"crellyslider-1\">\n<ul>\n<li\nstyle=\"\nbackground-color: transparent;\nbackground-image: url('https:\/\/gml.si\/slovenija30\/wp-content\/uploads\/2021\/12\/slider_30let_naslovna1.jpg');\nbackground-position: center center;\nbackground-repeat: no-repeat;\nbackground-size: cover;\n\n\"\ndata-in=\"fade\"\ndata-ease-in=\"500\"\ndata-out=\"fade\"\ndata-ease-out=\"500\"\ndata-time=\"3000\"\n>\n<a class=\"cs-background-link\" href=\"https:\/\/gml.si\/slovenija30\/index.php\/spomini-na-osamosvojitev-onallosulasra-emlekezve\/\"><\/a><\/li>\n<li\nstyle=\"\nbackground-color: transparent;\nbackground-image: url('https:\/\/gml.si\/slovenija30\/wp-content\/uploads\/2021\/12\/slider_30let_naslovna2.jpg');\nbackground-position: center center;\nbackground-repeat: no-repeat;\nbackground-size: cover;\n\n\"\ndata-in=\"fade\"\ndata-ease-in=\"500\"\ndata-out=\"fade\"\ndata-ease-out=\"500\"\ndata-time=\"3000\"\n>\n<a class=\"cs-background-link\" href=\"https:\/\/gml.si\/slovenija30\/index.php\/spomini-na-osamosvojitev-onallosulasra-emlekezve\/\"><\/a><\/li>\n<li\nstyle=\"\nbackground-color: transparent;\nbackground-image: url('https:\/\/gml.si\/slovenija30\/wp-content\/uploads\/2021\/12\/slider_30let_naslovna3.jpg');\nbackground-position: center center;\nbackground-repeat: no-repeat;\nbackground-size: cover;\n\n\"\ndata-in=\"fade\"\ndata-ease-in=\"500\"\ndata-out=\"fade\"\ndata-ease-out=\"500\"\ndata-time=\"3000\"\n>\n<a class=\"cs-background-link\" href=\"https:\/\/gml.si\/slovenija30\/index.php\/spomini-na-osamosvojitev-onallosulasra-emlekezve\/\"><\/a><\/li>\n<li\nstyle=\"\nbackground-color: transparent;\nbackground-image: url('https:\/\/gml.si\/slovenija30\/wp-content\/uploads\/2021\/12\/slider_30let_naslovna4.jpg');\nbackground-position: center center;\nbackground-repeat: no-repeat;\nbackground-size: cover;\n\n\"\ndata-in=\"fade\"\ndata-ease-in=\"500\"\ndata-out=\"fade\"\ndata-ease-out=\"500\"\ndata-time=\"3000\"\n>\n<a class=\"cs-background-link\" href=\"https:\/\/gml.si\/slovenija30\/index.php\/spomini-na-osamosvojitev-onallosulasra-emlekezve\/\"><\/a><\/li>\n<li\nstyle=\"\nbackground-color: transparent;\nbackground-image: url('https:\/\/gml.si\/slovenija30\/wp-content\/uploads\/2021\/12\/slider_30let_naslovna5.jpg');\nbackground-position: center center;\nbackground-repeat: no-repeat;\nbackground-size: cover;\n\n\"\ndata-in=\"fade\"\ndata-ease-in=\"500\"\ndata-out=\"fade\"\ndata-ease-out=\"500\"\ndata-time=\"3000\"\n>\n<a class=\"cs-background-link\" href=\"https:\/\/gml.si\/slovenija30\/index.php\/spomini-na-osamosvojitev-onallosulasra-emlekezve\/\"><\/a><\/li>\n<li\nstyle=\"\nbackground-color: transparent;\nbackground-image: url('https:\/\/gml.si\/slovenija30\/wp-content\/uploads\/2021\/12\/slider_30let_naslovna6.jpg');\nbackground-position: center center;\nbackground-repeat: no-repeat;\nbackground-size: cover;\n\n\"\ndata-in=\"fade\"\ndata-ease-in=\"500\"\ndata-out=\"fade\"\ndata-ease-out=\"500\"\ndata-time=\"3000\"\n>\n<a class=\"cs-background-link\" href=\"https:\/\/gml.si\/slovenija30\/index.php\/spomini-na-osamosvojitev-onallosulasra-emlekezve\/\"><\/a><\/li>\n<li\nstyle=\"\nbackground-color: transparent;\nbackground-image: url('https:\/\/gml.si\/slovenija30\/wp-content\/uploads\/2021\/12\/slider_30let_naslovna7.jpg');\nbackground-position: center center;\nbackground-repeat: no-repeat;\nbackground-size: cover;\n\n\"\ndata-in=\"fade\"\ndata-ease-in=\"500\"\ndata-out=\"fade\"\ndata-ease-out=\"500\"\ndata-time=\"3000\"\n>\n<a class=\"cs-background-link\" href=\"https:\/\/gml.si\/slovenija30\/index.php\/spomini-na-osamosvojitev-onallosulasra-emlekezve\/\"><\/a><\/li>\n<\/ul>\n<\/div>\n<script type=\"text\/javascript\">\n(function($) {\n$(document).ready(function() {\n$(\"#crellyslider-1\").crellySlider({\nlayout: 'full-width',\nresponsive: 1,\nstartWidth: 1500,\nstartHeight: 700,\nautomaticSlide: 1,\nshowControls: 0,\nshowNavigation: 0,\nenableSwipe: 1,\nshowProgressBar: 0,\npauseOnHover: 1,\nrandomOrder: 0,\nstartFromSlide: 0,\nbeforeStart : function() {},\nbeforeSetResponsive : function() {},\nbeforeSlideStart : function() {},\nbeforePause\t: function() {},\nbeforeResume : function() {},\n});\n});\n})(jQuery);\n<\/script>\n\n<\/div>\n<\/div>\n\n\n\n<div class=\"wp-block-columns is-layout-flex wp-container-core-columns-is-layout-2 wp-block-columns-is-layout-flex\">\n<div class=\"wp-block-column is-layout-flow wp-block-column-is-layout-flow\">\n<div class=\"wp-block-cover has-background-dim\"><img loading=\"lazy\" decoding=\"async\" width=\"1024\" height=\"616\" class=\"wp-block-cover__image-background wp-image-153\" alt=\"\" src=\"https:\/\/gml.si\/slovenija30\/wp-content\/uploads\/2021\/12\/Tabla_2_obcinska_enoa_1991-1024x616.jpg\" data-object-fit=\"cover\" srcset=\"https:\/\/gml.si\/slovenija30\/wp-content\/uploads\/2021\/12\/Tabla_2_obcinska_enoa_1991-1024x616.jpg 1024w, https:\/\/gml.si\/slovenija30\/wp-content\/uploads\/2021\/12\/Tabla_2_obcinska_enoa_1991-300x181.jpg 300w, https:\/\/gml.si\/slovenija30\/wp-content\/uploads\/2021\/12\/Tabla_2_obcinska_enoa_1991-768x462.jpg 768w, https:\/\/gml.si\/slovenija30\/wp-content\/uploads\/2021\/12\/Tabla_2_obcinska_enoa_1991-1200x722.jpg 1200w, https:\/\/gml.si\/slovenija30\/wp-content\/uploads\/2021\/12\/Tabla_2_obcinska_enoa_1991.jpg 1500w\" sizes=\"(max-width: 1024px) 100vw, 1024px\" \/><div class=\"wp-block-cover__inner-container is-layout-flow wp-block-cover-is-layout-flow\">\n<p class=\"has-text-align-center\" style=\"font-size:24px\"><a href=\"https:\/\/gml.si\/slovenija30\/index.php\/spomini-na-osamosvojitev-onallosulasra-emlekezve\/\" data-type=\"page\" data-id=\"198\"><strong><em>Razstava:<\/em><br>Spomini na osamosvojitev<br><br><em>Ki\u00e1ll\u00edt\u00e1s:<\/em> \u00d6n\u00e1ll\u00f3sul\u00e1sra<br>eml\u00e9kezve<br><\/strong><\/a><\/p>\n<\/div><\/div>\n<\/div>\n\n\n\n<div class=\"wp-block-column is-layout-flow wp-block-column-is-layout-flow\">\n<div class=\"wp-block-cover has-background-dim\"><img loading=\"lazy\" decoding=\"async\" width=\"1024\" height=\"740\" class=\"wp-block-cover__image-background wp-image-350\" alt=\"\" src=\"https:\/\/gml.si\/slovenija30\/wp-content\/uploads\/2021\/12\/Tabla6_Mursko_Sredisce_1991-06-28_06-1024x740.jpg\" data-object-fit=\"cover\" srcset=\"https:\/\/gml.si\/slovenija30\/wp-content\/uploads\/2021\/12\/Tabla6_Mursko_Sredisce_1991-06-28_06-1024x740.jpg 1024w, https:\/\/gml.si\/slovenija30\/wp-content\/uploads\/2021\/12\/Tabla6_Mursko_Sredisce_1991-06-28_06-300x217.jpg 300w, https:\/\/gml.si\/slovenija30\/wp-content\/uploads\/2021\/12\/Tabla6_Mursko_Sredisce_1991-06-28_06-768x555.jpg 768w, https:\/\/gml.si\/slovenija30\/wp-content\/uploads\/2021\/12\/Tabla6_Mursko_Sredisce_1991-06-28_06-1536x1110.jpg 1536w, https:\/\/gml.si\/slovenija30\/wp-content\/uploads\/2021\/12\/Tabla6_Mursko_Sredisce_1991-06-28_06-1200x867.jpg 1200w, https:\/\/gml.si\/slovenija30\/wp-content\/uploads\/2021\/12\/Tabla6_Mursko_Sredisce_1991-06-28_06.jpg 1600w\" sizes=\"(max-width: 1024px) 100vw, 1024px\" \/><div class=\"wp-block-cover__inner-container is-layout-flow wp-block-cover-is-layout-flow\">\n<p class=\"has-text-align-center\" style=\"font-size:24px\"><a href=\"https:\/\/gml.si\/slovenija30\/index.php\/o-razstavi-a-kiallitasrol\/\" data-type=\"page\" data-id=\"379\"><strong>O razstavi<br>A ki\u00e1ll\u00edt\u00e1sr\u00f3l<\/strong><\/a><\/p>\n<\/div><\/div>\n<\/div>\n\n\n\n<div class=\"wp-block-column is-layout-flow wp-block-column-is-layout-flow\"><\/div>\n<\/div>\n","protected":false},"excerpt":{"rendered":"<p>Dobrodo\u0161li \u2022 \u00dcdv\u00f6z\u00f6lj\u00fck!<\/p>\n","protected":false},"author":1,"featured_media":0,"parent":0,"menu_order":0,"comment_status":"closed","ping_status":"closed","template":"templates\/template-full-width.php","meta":{"footnotes":""},"_links":{"self":[{"href":"https:\/\/gml.si\/slovenija30\/index.php\/wp-json\/wp\/v2\/pages\/102"}],"collection":[{"href":"https:\/\/gml.si\/slovenija30\/index.php\/wp-json\/wp\/v2\/pages"}],"about":[{"href":"https:\/\/gml.si\/slovenija30\/index.php\/wp-json\/wp\/v2\/types\/page"}],"author":[{"embeddable":true,"href":"https:\/\/gml.si\/slovenija30\/index.php\/wp-json\/wp\/v2\/users\/1"}],"replies":[{"embeddable":true,"href":"https:\/\/gml.si\/slovenija30\/index.php\/wp-json\/wp\/v2\/comments?post=102"}],"version-history":[{"count":91,"href":"https:\/\/gml.si\/slovenija30\/index.php\/wp-json\/wp\/v2\/pages\/102\/revisions"}],"predecessor-version":[{"id":553,"href":"https:\/\/gml.si\/slovenija30\/index.php\/wp-json\/wp\/v2\/pages\/102\/revisions\/553"}],"wp:attachment":[{"href":"https:\/\/gml.si\/slovenija30\/index.php\/wp-json\/wp\/v2\/media?parent=102"}],"curies":[{"name":"wp","href":"https:\/\/api.w.org\/{rel}","templated":true}]}}