{"id":379,"date":"2021-12-28T18:43:06","date_gmt":"2021-12-28T18:43:06","guid":{"rendered":"https:\/\/gml.si\/slovenija30\/?page_id=379"},"modified":"2021-12-29T14:01:36","modified_gmt":"2021-12-29T14:01:36","slug":"o-razstavi-a-kiallitasrol","status":"publish","type":"page","link":"https:\/\/gml.si\/slovenija30\/index.php\/o-razstavi-a-kiallitasrol\/","title":{"rendered":"O razstavi \u2022 A ki\u00e1ll\u00edt\u00e1sr\u00f3l"},"content":{"rendered":"\n<p class=\"has-text-align-center\" style=\"font-size:45px\"><em>Spomini na osamosvojitev \u2022 \u00d6n\u00e1ll\u00f3sul\u00e1sra eml\u00e9kezve<\/em><\/p>\n\n\n\n<hr class=\"wp-block-separator\"\/>\n\n\n\n<div class=\"wp-block-columns alignwide is-layout-flex wp-container-core-columns-is-layout-1 wp-block-columns-is-layout-flex\">\n<div class=\"wp-block-column is-vertically-aligned-center is-layout-flow wp-block-column-is-layout-flow\" style=\"flex-basis:50%\">\n<p class=\"has-text-align-left\">Galerija &#8211; Muzej Lendava \u2022 Gal\u00e9ria &#8211; M\u00fazeum Lendva<br><br>2021<\/p>\n<\/div>\n\n\n\n<div class=\"wp-block-column is-vertically-aligned-center is-layout-flow wp-block-column-is-layout-flow\" style=\"flex-basis:50%\">\n<figure class=\"wp-block-image size-large is-resized\"><img loading=\"lazy\" decoding=\"async\" src=\"https:\/\/gml.si\/slovenija30\/wp-content\/uploads\/2021\/12\/gml_logo_2013_belo-desno-1024x165.png\" alt=\"\" class=\"wp-image-480\" width=\"768\" height=\"124\" srcset=\"https:\/\/gml.si\/slovenija30\/wp-content\/uploads\/2021\/12\/gml_logo_2013_belo-desno-1024x165.png 1024w, https:\/\/gml.si\/slovenija30\/wp-content\/uploads\/2021\/12\/gml_logo_2013_belo-desno-300x48.png 300w, https:\/\/gml.si\/slovenija30\/wp-content\/uploads\/2021\/12\/gml_logo_2013_belo-desno-768x124.png 768w, https:\/\/gml.si\/slovenija30\/wp-content\/uploads\/2021\/12\/gml_logo_2013_belo-desno-1536x247.png 1536w, https:\/\/gml.si\/slovenija30\/wp-content\/uploads\/2021\/12\/gml_logo_2013_belo-desno-2048x329.png 2048w, https:\/\/gml.si\/slovenija30\/wp-content\/uploads\/2021\/12\/gml_logo_2013_belo-desno-1200x193.png 1200w, https:\/\/gml.si\/slovenija30\/wp-content\/uploads\/2021\/12\/gml_logo_2013_belo-desno-1980x319.png 1980w\" sizes=\"(max-width: 768px) 100vw, 768px\" \/><\/figure>\n<\/div>\n<\/div>\n\n\n\n<hr class=\"wp-block-separator\"\/>\n\n\n\n<p class=\"has-larger-font-size\">Pri nastanku razstave so sodelovali \u2022 A ki\u00e1ll\u00edt\u00e1s l\u00e9trej\u00f6tt\u00e9n\u00e9l egy\u00fcttm\u0171k\u00f6dtek:<\/p>\n\n\n\n<ul><li>Voja\u0161ki muzej Slovenske vojske Maribor<\/li><li>Obmo\u010dno zdru\u017eenje veteranov vojne za Slovenijo Lendava<\/li><li>Policijsko veteransko dru\u0161tvo Sever Pomurje pododbor Lendava<\/li><li>Ladislav Bagladi<\/li><li>Branko Bratkovi\u010d<\/li><\/ul>\n\n\n\n<hr class=\"wp-block-separator\"\/>\n\n\n\n<p class=\"has-larger-font-size\">Viri fotografij \u2022 A f\u00e9nyk\u00e9pek forr\u00e1sai:<\/p>\n\n\n\n<ul><li><em>Dokumentarni film o zaustavljanju tenkova JNA u Murskom Sredi\u0161\u0107u 28. 6. 1991. godine<\/em><br>Snemalec \u2022 Operat\u0151r: Vladimir Nemec (1991)<br>Avtor \u2022 Szerz\u0151: Rajko Tomani\u0107 (2006)<\/li><li>Obmo\u010dno zdru\u017eenje veteranov vojne za Slovenijo Lendava<\/li><li>Policijsko veteransko dru\u0161tvo Sever Pomurje pododbor Lendava<\/li><li>RTV Slovenija<\/li><\/ul>\n\n\n\n<hr class=\"wp-block-separator\"\/>\n\n\n\n<p class=\"has-larger-font-size\">Razstavo sta omogo\u010dila \u2022 A ki\u00e1ll\u00edt\u00e1s l\u00e9trej\u00f6tt\u00e9t t\u00e1mogatt\u00e1k:<\/p>\n\n\n\n<div class=\"wp-block-columns is-layout-flex wp-container-core-columns-is-layout-2 wp-block-columns-is-layout-flex\">\n<div class=\"wp-block-column is-vertically-aligned-bottom is-layout-flow wp-block-column-is-layout-flow\">\n<figure class=\"wp-block-image size-large is-style-default\"><a href=\"https:\/\/www.gov.si\/drzavni-organi\/ministrstva\/ministrstvo-za-kulturo\/\"><img loading=\"lazy\" decoding=\"async\" width=\"1024\" height=\"155\" src=\"https:\/\/gml.si\/slovenija30\/wp-content\/uploads\/2021\/12\/logo_MK_SLO_bel-1024x155.png\" alt=\"\" class=\"wp-image-491\" srcset=\"https:\/\/gml.si\/slovenija30\/wp-content\/uploads\/2021\/12\/logo_MK_SLO_bel-1024x155.png 1024w, https:\/\/gml.si\/slovenija30\/wp-content\/uploads\/2021\/12\/logo_MK_SLO_bel-300x46.png 300w, https:\/\/gml.si\/slovenija30\/wp-content\/uploads\/2021\/12\/logo_MK_SLO_bel-768x117.png 768w, https:\/\/gml.si\/slovenija30\/wp-content\/uploads\/2021\/12\/logo_MK_SLO_bel-1536x233.png 1536w, https:\/\/gml.si\/slovenija30\/wp-content\/uploads\/2021\/12\/logo_MK_SLO_bel-2048x311.png 2048w, https:\/\/gml.si\/slovenija30\/wp-content\/uploads\/2021\/12\/logo_MK_SLO_bel-1200x182.png 1200w, https:\/\/gml.si\/slovenija30\/wp-content\/uploads\/2021\/12\/logo_MK_SLO_bel-1980x300.png 1980w\" sizes=\"(max-width: 1024px) 100vw, 1024px\" \/><\/a><\/figure>\n<\/div>\n\n\n\n<div class=\"wp-block-column is-vertically-aligned-center is-layout-flow wp-block-column-is-layout-flow\">\n<div class=\"wp-block-image is-style-default\"><figure class=\"aligncenter size-large is-resized\"><a href=\"https:\/\/www.lendava.si\/\"><img loading=\"lazy\" decoding=\"async\" src=\"https:\/\/gml.si\/slovenija30\/wp-content\/uploads\/2021\/12\/logo_Obcina_Lendava_bel-1024x698.png\" alt=\"\" class=\"wp-image-492\" width=\"256\" height=\"175\" srcset=\"https:\/\/gml.si\/slovenija30\/wp-content\/uploads\/2021\/12\/logo_Obcina_Lendava_bel-1024x698.png 1024w, https:\/\/gml.si\/slovenija30\/wp-content\/uploads\/2021\/12\/logo_Obcina_Lendava_bel-300x205.png 300w, https:\/\/gml.si\/slovenija30\/wp-content\/uploads\/2021\/12\/logo_Obcina_Lendava_bel-768x524.png 768w, https:\/\/gml.si\/slovenija30\/wp-content\/uploads\/2021\/12\/logo_Obcina_Lendava_bel-1200x819.png 1200w, https:\/\/gml.si\/slovenija30\/wp-content\/uploads\/2021\/12\/logo_Obcina_Lendava_bel.png 1491w\" sizes=\"(max-width: 256px) 100vw, 256px\" \/><\/a><\/figure><\/div>\n<\/div>\n<\/div>\n\n\n\n<hr class=\"wp-block-separator\"\/>\n\n\n\n<div class=\"wp-block-columns is-layout-flex wp-container-core-columns-is-layout-3 wp-block-columns-is-layout-flex\">\n<div class=\"wp-block-column is-layout-flow wp-block-column-is-layout-flow\">\n<p class=\"has-text-align-left\"><br>Razstava je bila odprta 18. junija 2021 v preddverju Gledali\u0161ke in koncertne dvorane Lendava.<\/p>\n\n\n\n<p class=\"has-text-align-left has-small-font-size\">Na otvoritvi razstave sta spregovorila <strong>Ladislav Bagladi<\/strong>, komandir takratne milice v Dolgi vasi in \u017eupan Ob\u010dine Lendava, <strong>Janez Magyar<\/strong>. Program je povezoval direktor Galerije-Muzeja Lendava, <strong>Dubravko Baumgartner<\/strong>.<\/p>\n\n\n\n<p>A ki\u00e1ll\u00edt\u00e1s 2021. j\u00fanius 18-\u00e1n ny\u00edlt meg a Lendvai Sz\u00ednh\u00e1z- \u00e9s Hangversenyterem el\u0151csarnok\u00e1ban.<\/p>\n\n\n\n<p class=\"has-small-font-size\">A ki\u00e1ll\u00edt\u00e1smegnyit\u00f3n <strong>Ladislav Bagladi<\/strong>, az akkori mil\u00edcia parancsnoka Hossz\u00fafaluban \u00e9s <strong>Janez Magyar<\/strong>, Lendva K\u00f6zs\u00e9g polg\u00e1rmestere mondtak besz\u00e9det. A m\u0171sort <strong>Dubravko Baumgartner<\/strong>, a lendvai Gal\u00e9ria-M\u00fazeum igazgat\u00f3ja k\u00f6t\u00f6tte \u00f6ssze.<\/p>\n<\/div>\n\n\n\n<div class=\"wp-block-column is-layout-flow wp-block-column-is-layout-flow\">\n<figure class=\"wp-block-image size-large is-style-default\"><a href=\"https:\/\/gml.si\/slovenija30\/wp-content\/uploads\/2021\/12\/vabilo_dan_drzavnosti_2021_A3.png\" data-lbwps-width=\"2923\" data-lbwps-height=\"4134\" data-lbwps-srcsmall=\"https:\/\/gml.si\/slovenija30\/wp-content\/uploads\/2021\/12\/vabilo_dan_drzavnosti_2021_A3-212x300.png\"><img loading=\"lazy\" decoding=\"async\" width=\"724\" height=\"1024\" src=\"https:\/\/gml.si\/slovenija30\/wp-content\/uploads\/2021\/12\/vabilo_dan_drzavnosti_2021_A3-724x1024.png\" alt=\"\" class=\"wp-image-519\" srcset=\"https:\/\/gml.si\/slovenija30\/wp-content\/uploads\/2021\/12\/vabilo_dan_drzavnosti_2021_A3-724x1024.png 724w, https:\/\/gml.si\/slovenija30\/wp-content\/uploads\/2021\/12\/vabilo_dan_drzavnosti_2021_A3-212x300.png 212w, https:\/\/gml.si\/slovenija30\/wp-content\/uploads\/2021\/12\/vabilo_dan_drzavnosti_2021_A3-768x1086.png 768w, https:\/\/gml.si\/slovenija30\/wp-content\/uploads\/2021\/12\/vabilo_dan_drzavnosti_2021_A3-1086x1536.png 1086w, https:\/\/gml.si\/slovenija30\/wp-content\/uploads\/2021\/12\/vabilo_dan_drzavnosti_2021_A3-1448x2048.png 1448w, https:\/\/gml.si\/slovenija30\/wp-content\/uploads\/2021\/12\/vabilo_dan_drzavnosti_2021_A3-1200x1697.png 1200w, https:\/\/gml.si\/slovenija30\/wp-content\/uploads\/2021\/12\/vabilo_dan_drzavnosti_2021_A3-1980x2800.png 1980w\" sizes=\"(max-width: 724px) 100vw, 724px\" \/><\/a><figcaption>VABILO PRIREDITVE<br>A RENDEZV\u00c9NY MEGH\u00cdV\u00d3JA<\/figcaption><\/figure>\n<\/div>\n<\/div>\n\n\n\n<hr class=\"wp-block-separator\"\/>\n\n\n\n<p class=\"has-larger-font-size\"><i class=\"wp-svg-eye-2 eye-2\"><\/i> V medijih \u2022 A sajt\u00f3ban<\/p>\n\n\n\n<ul><li><a href=\"http:\/\/lendavainfo.com\/video-foto-odprtje-razstave-spomini-na-osamosvojitev\/\">Lendavainfo &#8211; VIDEO, FOTO: Odprtje razstave Spomini na osamosvojitev<\/a> (19. 6. 2021)<\/li><li><a href=\"https:\/\/vestnik.si\/clanek\/aktualno\/v-lendavi-predstavili-zbornik-in-odprli-razstavo-o-osamosvojitveni-vojni-882975\">VESTNIK: V Lendavi predstavili zbornik in odprli razstavo o osamosvojitveni vojni<\/a> (19. 6. 2021)<\/li><li><a href=\"https:\/\/www.pomurec.com\/vsebina\/62885\/FOTO__Z_zbornikom_in_razstavo_obujajo_spomine_na_dogajanje_pred_30__leti\">POMUREC.com &#8211; FOTO: Z zbornikom in razstavo obujajo spomine na dogajanje pred 30. leti<\/a> (19. 6. 2021)<\/li><li><a href=\"https:\/\/www.rtvslo.si\/mmr\/hirek\/terepjaro\/szlovenia-oenallosulasara-emlekezuenk\/584862\">MMR: Szlov\u00e9nia \u00f6n\u00e1ll\u00f3sul\u00e1s\u00e1ra eml\u00e9kez\u00fcnk<\/a> (2021. j\u00fanius 19.)<\/li><li><a href=\"https:\/\/www.rtvslo.si\/4d\/arhiv\/174786456\">RTV SLO: Mostovi &#8211; Hidak<\/a> (25. junij 2021 \u2022 2021. j\u00fanius 25.)<\/li><\/ul>\n\n\n\n<hr class=\"wp-block-separator\"\/>\n\n\n\n<p class=\"has-larger-font-size\"><i class=\"wp-svg-play play\"><\/i> Video (Lendavainfo.com)<\/p>\n\n\n\n<figure class=\"wp-block-embed is-type-video is-provider-youtube wp-block-embed-youtube wp-embed-aspect-16-9 wp-has-aspect-ratio\"><div class=\"wp-block-embed__wrapper\">\n<iframe loading=\"lazy\" title=\"Lendavainfo.CoM \/\/ Odprtje razstave Spomini na osamosvojitev \/\/ GKD Lendava 19.6.2021\" width=\"580\" height=\"326\" src=\"https:\/\/www.youtube.com\/embed\/9eFFFpCH-ao?feature=oembed\" frameborder=\"0\" allow=\"accelerometer; autoplay; clipboard-write; encrypted-media; gyroscope; picture-in-picture; web-share\" referrerpolicy=\"strict-origin-when-cross-origin\" allowfullscreen><\/iframe>\n<\/div><\/figure>\n\n\n\n<hr class=\"wp-block-separator\"\/>\n\n\n\n<p class=\"has-larger-font-size\"><strong>SLOVENIJA 30:<\/strong> PROGRAM OBELE\u017dITVE 30. OBLETNICE<\/p>\n\n\n\n<figure class=\"wp-block-image size-large is-style-default\"><a href=\"https:\/\/gml.si\/slovenija30\/wp-content\/uploads\/2021\/12\/30LetSlovenije_PROGRAM.pdf\"><img loading=\"lazy\" decoding=\"async\" width=\"722\" height=\"1024\" src=\"https:\/\/gml.si\/slovenija30\/wp-content\/uploads\/2021\/12\/30LetSlovenije_PROGRAM-1-722x1024.jpg\" alt=\"\" class=\"wp-image-525\" srcset=\"https:\/\/gml.si\/slovenija30\/wp-content\/uploads\/2021\/12\/30LetSlovenije_PROGRAM-1-722x1024.jpg 722w, https:\/\/gml.si\/slovenija30\/wp-content\/uploads\/2021\/12\/30LetSlovenije_PROGRAM-1-211x300.jpg 211w, https:\/\/gml.si\/slovenija30\/wp-content\/uploads\/2021\/12\/30LetSlovenije_PROGRAM-1-768x1090.jpg 768w, https:\/\/gml.si\/slovenija30\/wp-content\/uploads\/2021\/12\/30LetSlovenije_PROGRAM-1-1083x1536.jpg 1083w, https:\/\/gml.si\/slovenija30\/wp-content\/uploads\/2021\/12\/30LetSlovenije_PROGRAM-1-1444x2048.jpg 1444w, https:\/\/gml.si\/slovenija30\/wp-content\/uploads\/2021\/12\/30LetSlovenije_PROGRAM-1-1200x1703.jpg 1200w, https:\/\/gml.si\/slovenija30\/wp-content\/uploads\/2021\/12\/30LetSlovenije_PROGRAM-1.jpg 1748w\" sizes=\"(max-width: 722px) 100vw, 722px\" \/><\/a><figcaption><br>PDF format\/form\u00e1tum, 4 MB<\/figcaption><\/figure>\n\n\n\n<p>Vir: <a href=\"https:\/\/www.gov.si\/assets\/vladne-sluzbe\/UKOM\/SLOVENIJA30\/30LetSlovenije.pdf\">https:\/\/www.gov.si\/assets\/vladne-sluzbe\/UKOM\/SLOVENIJA30\/30LetSlovenije.pdf<\/a><\/p>\n","protected":false},"excerpt":{"rendered":"<p>Spomini na osamosvojitev \u2022 \u00d6n\u00e1ll\u00f3sul\u00e1sra eml\u00e9kezve Galerija &#8211; Muzej Lendava \u2022 Gal\u00e9ria &#8211; M\u00fazeum Lendva 2021 Pri nastanku razstave so sodelovali \u2022 A ki\u00e1ll\u00edt\u00e1s l\u00e9trej\u00f6tt\u00e9n\u00e9l egy\u00fcttm\u0171k\u00f6dtek: Voja\u0161ki muzej Slovenske vojske Maribor Obmo\u010dno zdru\u017eenje veteranov vojne za Slovenijo Lendava Policijsko veteransko dru\u0161tvo Sever Pomurje pododbor Lendava Ladislav Bagladi Branko Bratkovi\u010d Viri fotografij \u2022 A f\u00e9nyk\u00e9pek forr\u00e1sai: [&hellip;]<\/p>\n","protected":false},"author":1,"featured_media":0,"parent":0,"menu_order":0,"comment_status":"closed","ping_status":"closed","template":"templates\/template-full-width.php","meta":{"footnotes":""},"_links":{"self":[{"href":"https:\/\/gml.si\/slovenija30\/index.php\/wp-json\/wp\/v2\/pages\/379"}],"collection":[{"href":"https:\/\/gml.si\/slovenija30\/index.php\/wp-json\/wp\/v2\/pages"}],"about":[{"href":"https:\/\/gml.si\/slovenija30\/index.php\/wp-json\/wp\/v2\/types\/page"}],"author":[{"embeddable":true,"href":"https:\/\/gml.si\/slovenija30\/index.php\/wp-json\/wp\/v2\/users\/1"}],"replies":[{"embeddable":true,"href":"https:\/\/gml.si\/slovenija30\/index.php\/wp-json\/wp\/v2\/comments?post=379"}],"version-history":[{"count":66,"href":"https:\/\/gml.si\/slovenija30\/index.php\/wp-json\/wp\/v2\/pages\/379\/revisions"}],"predecessor-version":[{"id":546,"href":"https:\/\/gml.si\/slovenija30\/index.php\/wp-json\/wp\/v2\/pages\/379\/revisions\/546"}],"wp:attachment":[{"href":"https:\/\/gml.si\/slovenija30\/index.php\/wp-json\/wp\/v2\/media?parent=379"}],"curies":[{"name":"wp","href":"https:\/\/api.w.org\/{rel}","templated":true}]}}