{"id":485,"date":"2021-12-29T10:32:05","date_gmt":"2021-12-29T10:32:05","guid":{"rendered":"https:\/\/gml.si\/slovenija30\/?page_id=485"},"modified":"2023-11-20T09:31:09","modified_gmt":"2023-11-20T09:31:09","slug":"o-spletni-strani-a-honlaprol","status":"publish","type":"page","link":"https:\/\/gml.si\/slovenija30\/index.php\/o-spletni-strani-a-honlaprol\/","title":{"rendered":"O spletni strani<br\/>A honlapr\u00f3l"},"content":{"rendered":"\n<p class=\"has-text-align-center\">Spremno besedilo \u2022 Kis\u00e9r\u0151sz\u00f6veg: <br>GML<br><br>Grafi\u010dna podoba in izvedba  \u2022  Arculatterv \u00e9s kivitelez\u00e9s: <br>GRAFOP, Peter Orban, s.p.<br><br>Leto izdelave  \u2022  Az elk\u00e9sz\u00edt\u00e9s \u00e9ve: <br>2021<br><br>Spletna stran je ustvarjena s pomo\u010djo odprtokodnega urejevalnika vsebin <a href=\"https:\/\/sl.wordpress.org\/\">WordPress<\/a>.<br>A honlap a <a href=\"https:\/\/wordpress.com\/\">WordPress<\/a> ny\u00edlt forr\u00e1sk\u00f3d\u00fa platformban k\u00e9sz\u00fclt.<\/p>\n","protected":false},"excerpt":{"rendered":"<p>Spremno besedilo \u2022 Kis\u00e9r\u0151sz\u00f6veg: GML Grafi\u010dna podoba in izvedba \u2022 Arculatterv \u00e9s kivitelez\u00e9s: GRAFOP, Peter Orban, s.p. Leto izdelave \u2022 Az elk\u00e9sz\u00edt\u00e9s \u00e9ve: 2021 Spletna stran je ustvarjena s pomo\u010djo odprtokodnega urejevalnika vsebin WordPress.A honlap a WordPress ny\u00edlt forr\u00e1sk\u00f3d\u00fa platformban k\u00e9sz\u00fclt.<\/p>\n","protected":false},"author":1,"featured_media":0,"parent":0,"menu_order":0,"comment_status":"closed","ping_status":"closed","template":"","meta":{"footnotes":""},"_links":{"self":[{"href":"https:\/\/gml.si\/slovenija30\/index.php\/wp-json\/wp\/v2\/pages\/485"}],"collection":[{"href":"https:\/\/gml.si\/slovenija30\/index.php\/wp-json\/wp\/v2\/pages"}],"about":[{"href":"https:\/\/gml.si\/slovenija30\/index.php\/wp-json\/wp\/v2\/types\/page"}],"author":[{"embeddable":true,"href":"https:\/\/gml.si\/slovenija30\/index.php\/wp-json\/wp\/v2\/users\/1"}],"replies":[{"embeddable":true,"href":"https:\/\/gml.si\/slovenija30\/index.php\/wp-json\/wp\/v2\/comments?post=485"}],"version-history":[{"count":10,"href":"https:\/\/gml.si\/slovenija30\/index.php\/wp-json\/wp\/v2\/pages\/485\/revisions"}],"predecessor-version":[{"id":560,"href":"https:\/\/gml.si\/slovenija30\/index.php\/wp-json\/wp\/v2\/pages\/485\/revisions\/560"}],"wp:attachment":[{"href":"https:\/\/gml.si\/slovenija30\/index.php\/wp-json\/wp\/v2\/media?parent=485"}],"curies":[{"name":"wp","href":"https:\/\/api.w.org\/{rel}","templated":true}]}}