{"id":7,"date":"2021-12-27T11:12:07","date_gmt":"2021-12-27T11:12:07","guid":{"rendered":"https:\/\/gml.si\/slovenija30\/?page_id=7"},"modified":"2021-12-28T11:14:30","modified_gmt":"2021-12-28T11:14:30","slug":"kontakt","status":"publish","type":"page","link":"https:\/\/gml.si\/slovenija30\/index.php\/kontakt\/","title":{"rendered":"Kontakt \u2022 El\u00e9rhet\u0151s\u00e9g"},"content":{"rendered":"\n<p><strong>Spletno stran upravlja \u2022 A honlapot \u00fczemelteti:<\/strong><\/p>\n\n\n\n<div class=\"wp-block-columns is-layout-flex wp-container-core-columns-is-layout-1 wp-block-columns-is-layout-flex\">\n<div class=\"wp-block-column is-layout-flow wp-block-column-is-layout-flow\" style=\"flex-basis:600px\">\n<p>Galerija-Muzej Lendava \u2022 Gal\u00e9ria-M\u00fazeum Lendva<br>Banffyjev trg 1 \u2022 B\u00e1nffy t\u00e9r 1.<br>9220 Lendava \u2022 Lendva<br>Slovenija \u2022 Szlov\u00e9nia<\/p>\n<\/div>\n\n\n\n<div class=\"wp-block-column is-layout-flow wp-block-column-is-layout-flow\" style=\"flex-basis:250px\">\n<p><i class=\"wp-svg-phone phone\"><\/i> 02 578 92 60<br><i class=\"wp-svg-mail-3 mail-3\"><\/i> <a href=\"mailto:info@gml.si\">info@gml.si<\/a><br><i class=\"wp-svg-link link\"><\/i> <a href=\"http:\/\/www.gml.si\">www.gml.si<\/a><br><\/p>\n<\/div>\n\n\n\n<div class=\"wp-block-column is-layout-flow wp-block-column-is-layout-flow\" style=\"flex-basis:250px\">\n<p><i class=\"wp-svg-facebook-2 facebook-2\"><\/i> <a href=\"https:\/\/www.facebook.com\/galerijamuzej.lendava\">Facebook<\/a><br><i class=\"wp-svg-instagram instagram\"><\/i> <a href=\"https:\/\/www.instagram.com\/gml_lendava\/\">Instagram<\/a><br><i class=\"wp-svg-twitter-2 twitter-2\"><\/i> <a href=\"https:\/\/twitter.com\/#!\/gmlendava\">Twitter<\/a><\/p>\n<\/div>\n<\/div>\n","protected":false},"excerpt":{"rendered":"<p>Spletno stran upravlja \u2022 A honlapot \u00fczemelteti: Galerija-Muzej Lendava \u2022 Gal\u00e9ria-M\u00fazeum LendvaBanffyjev trg 1 \u2022 B\u00e1nffy t\u00e9r 1.9220 Lendava \u2022 LendvaSlovenija \u2022 Szlov\u00e9nia 02 578 92 60 info@gml.si www.gml.si Facebook Instagram Twitter<\/p>\n","protected":false},"author":1,"featured_media":0,"parent":0,"menu_order":0,"comment_status":"closed","ping_status":"closed","template":"templates\/template-full-width.php","meta":{"footnotes":""},"_links":{"self":[{"href":"https:\/\/gml.si\/slovenija30\/index.php\/wp-json\/wp\/v2\/pages\/7"}],"collection":[{"href":"https:\/\/gml.si\/slovenija30\/index.php\/wp-json\/wp\/v2\/pages"}],"about":[{"href":"https:\/\/gml.si\/slovenija30\/index.php\/wp-json\/wp\/v2\/types\/page"}],"author":[{"embeddable":true,"href":"https:\/\/gml.si\/slovenija30\/index.php\/wp-json\/wp\/v2\/users\/1"}],"replies":[{"embeddable":true,"href":"https:\/\/gml.si\/slovenija30\/index.php\/wp-json\/wp\/v2\/comments?post=7"}],"version-history":[{"count":16,"href":"https:\/\/gml.si\/slovenija30\/index.php\/wp-json\/wp\/v2\/pages\/7\/revisions"}],"predecessor-version":[{"id":288,"href":"https:\/\/gml.si\/slovenija30\/index.php\/wp-json\/wp\/v2\/pages\/7\/revisions\/288"}],"wp:attachment":[{"href":"https:\/\/gml.si\/slovenija30\/index.php\/wp-json\/wp\/v2\/media?parent=7"}],"curies":[{"name":"wp","href":"https:\/\/api.w.org\/{rel}","templated":true}]}}